{"id":538,"date":"2025-11-11T18:21:16","date_gmt":"2025-11-11T18:21:16","guid":{"rendered":"https:\/\/johanteran.com\/blog\/?page_id=538"},"modified":"2026-04-09T22:52:49","modified_gmt":"2026-04-09T22:52:49","slug":"cotizador-online-de-diseno-web-en-venezuela","status":"publish","type":"page","link":"https:\/\/johanteran.com\/blog\/cotizador-online-de-diseno-web-en-venezuela\/","title":{"rendered":"Cotizador Online de Dise\u00f1o de P\u00e1ginas Web en Venezuela"},"content":{"rendered":"\t\t<div data-elementor-type=\"wp-post\" data-elementor-id=\"538\" class=\"elementor elementor-538\" data-elementor-post-type=\"page\">\n\t\t\t\t<div class=\"elementor-element elementor-element-82dcaec e-flex e-con-boxed e-con e-parent\" data-id=\"82dcaec\" data-element_type=\"container\" data-e-type=\"container\" data-settings=\"{&quot;background_background&quot;:&quot;classic&quot;}\">\n\t\t\t\t\t<div class=\"e-con-inner\">\n\t\t<div class=\"elementor-element elementor-element-d803c61 e-con-full e-flex e-con e-child\" data-id=\"d803c61\" data-element_type=\"container\" data-e-type=\"container\">\n\t\t\t\t<div class=\"elementor-element elementor-element-835b358 elementor-widget__width-initial elementor-widget elementor-widget-heading\" data-id=\"835b358\" data-element_type=\"widget\" data-e-type=\"widget\" data-widget_type=\"heading.default\">\n\t\t\t\t<div class=\"elementor-widget-container\">\n\t\t\t\t\t<h1 class=\"elementor-heading-title elementor-size-default\">Cotizador Online de Dise\u00f1o de P\u00e1ginas Web en Venezuela<\/h1>\t\t\t\t<\/div>\n\t\t\t\t<\/div>\n\t\t\t\t<div class=\"elementor-element elementor-element-50963a5 elementor-widget__width-initial elementor-widget-tablet__width-initial elementor-widget elementor-widget-text-editor\" data-id=\"50963a5\" data-element_type=\"widget\" data-e-type=\"widget\" data-widget_type=\"text-editor.default\">\n\t\t\t\t<div class=\"elementor-widget-container\">\n\t\t\t\t\t\t\t\t\t<p>Con unos pocos clics obtendr\u00e1s al instante el precio estimado del Dise\u00f1o de tu P\u00e1gina Web.<\/p>\t\t\t\t\t\t\t\t<\/div>\n\t\t\t\t<\/div>\n\t\t\t\t<div class=\"elementor-element elementor-element-b656528 elementor-widget elementor-widget-shortcode\" data-id=\"b656528\" data-element_type=\"widget\" data-e-type=\"widget\" data-widget_type=\"shortcode.default\">\n\t\t\t\t<div class=\"elementor-widget-container\">\n\t\t\t\t\t\t\t<div class=\"elementor-shortcode\"><div class=\"forminator-ui forminator-custom-form forminator-custom-form-599 forminator-design--material  forminator_ajax\" data-forminator-render=\"0\" data-form=\"forminator-module-599\" data-uid=\"69f0e9bf93520\"><br\/><\/div><form\n\t\t\t\tid=\"forminator-module-599\"\n\t\t\t\tclass=\"forminator-ui forminator-custom-form forminator-custom-form-599 forminator-design--material  forminator_ajax\"\n\t\t\t\tmethod=\"post\"\n\t\t\t\tdata-forminator-render=\"0\"\n\t\t\t\tdata-form-id=\"599\"\n\t\t\t\t data-color-option=\"theme\" data-design=\"material\" data-grid=\"open\" style=\"display: none;\"\n\t\t\t\tdata-uid=\"69f0e9bf93520\"\n\t\t\t><div role=\"alert\" aria-live=\"polite\" class=\"forminator-response-message forminator-error\" aria-hidden=\"true\"><\/div><div role=\"tablist\" class=\"forminator-pagination-steps\" aria-label=\"Pagination\"><\/div><div\n\t\t\t\ttabindex=\"-1\"\n\t\t\t\trole=\"tabpanel\"\n\t\t\t\tid=\"forminator-custom-form-599--page-0\"\n\t\t\t\tclass=\"forminator-pagination forminator-pagination-start\"\n\t\t\t\taria-labelledby=\"forminator-custom-form-599--page-0-label\"\n\t\t\t\tdata-step=\"0\"\n\t\t\t\tdata-label=\"Tipo de Web\"\n\t\t\t\tdata-actual-label=\"Datos\"\n\t\t\t\tdata-name=\"page-break-2\"\n\t\t\t><div class=\"forminator-pagination--content\"><div class=\"forminator-row\"><div id=\"section-1\" class=\"forminator-field-section forminator-col forminator-col-12 \"><div class=\"forminator-field\"><h2 class=\"forminator-title\">Datos de Contacto<\/h2><h3 class=\"forminator-subtitle\">Aseg\u00farate que el email sea el correcto para que te llegue la cotizaci\u00f3n autom\u00e1tica.<\/h3><\/div><\/div><\/div><div class=\"forminator-row\"><div id=\"name-1\" class=\"forminator-field-name forminator-col forminator-col-12 \"><div class=\"forminator-field\"><label for=\"forminator-field-name-1_69f0e9bf93520\" id=\"forminator-field-name-1_69f0e9bf93520-label\" class=\"forminator-label\">Nombre y Apellido <span class=\"forminator-required\">*<\/span><\/label><input type=\"text\" name=\"name-1\" value=\"\" placeholder=\"\" id=\"forminator-field-name-1_69f0e9bf93520\" class=\"forminator-input forminator-name--field\" aria-required=\"true\" autocomplete=\"name\" \/><\/div><\/div><\/div><div class=\"forminator-row\"><div id=\"email-1\" class=\"forminator-field-email forminator-col forminator-col-12 \"><div class=\"forminator-row-inside forminator-row-with-confirmation-email\"><div class=\"forminator-col forminator-col-6\"><div class=\"forminator-field\"><label for=\"forminator-field-email-1_69f0e9bf93520\" id=\"forminator-field-email-1_69f0e9bf93520-label\" class=\"forminator-label\">Email <span class=\"forminator-required\">*<\/span><\/label><input type=\"email\" name=\"email-1\" value=\"\" placeholder=\"\" id=\"forminator-field-email-1_69f0e9bf93520\" class=\"forminator-input forminator-email--field\" data-required=\"1\" aria-required=\"true\" autocomplete=\"email\" \/><\/div><\/div><div class=\"forminator-col forminator-col-6\"><div class=\"forminator-field\"><label for=\"forminator-field-confirm_email-1_69f0e9bf93520\" id=\"forminator-field-confirm_email-1_69f0e9bf93520-label\" class=\"forminator-label\">Confirma el email <span class=\"forminator-required\">*<\/span><\/label><input type=\"email\" name=\"confirm_email-1\" value=\"\" placeholder=\"Vuelve a escribir el email\" id=\"forminator-field-confirm_email-1_69f0e9bf93520\" class=\"forminator-input forminator-name--field\" data-required=\"1\" aria-required=\"true\" autocomplete=\"email\" \/><\/div><\/div><\/div><\/div><\/div><div class=\"forminator-row\"><div id=\"phone-1\" class=\"forminator-field-phone forminator-col forminator-col-12 \"><div class=\"forminator-field\"><label for=\"forminator-field-phone-1_69f0e9bf93520\" id=\"forminator-field-phone-1_69f0e9bf93520-label\" class=\"forminator-label\">WhatsApp <span class=\"forminator-required\">*<\/span><\/label><input type=\"text\" name=\"phone-1\" value=\"\" placeholder=\"\" id=\"forminator-field-phone-1_69f0e9bf93520\" class=\"forminator-input forminator-field--phone\" data-required=\"1\" aria-required=\"true\" autocomplete=\"off\" inputmode=\"numeric\" \/><\/div><\/div><\/div><\/div><\/div><div\n\t\t\t\ttabindex=\"-1\"\n\t\t\t\trole=\"tabpanel\"\n\t\t\t\tid=\"forminator-custom-form-599--page-1\"\n\t\t\t\tclass=\"forminator-pagination\"\n\t\t\t\taria-labelledby=\"forminator-custom-form-599--page-1-label\"\n\t\t\t\taria-hidden=\"true\"\n\t\t\t\tdata-step=\"1\"\n\t\t\t\tdata-label=\"Datos\"\n\t\t\t\tdata-actual-label=\"Tipo de Web\"\n\t\t\t\tdata-name=\"\"\n\t\t\t\thidden\n\t\t\t><div class=\"forminator-pagination--content\"><div class=\"forminator-row\"><div id=\"section-3\" class=\"forminator-field-section forminator-col forminator-col-12 \"><div class=\"forminator-field\"><h2 class=\"forminator-title\">Tipo de P\u00e1gina Web<\/h2><\/div><\/div><\/div><div class=\"forminator-row\"><div id=\"radio-2\" class=\"forminator-field-radio forminator-col forminator-col-12 \"><div role=\"radiogroup\" class=\"forminator-field\" aria-labelledby=\"forminator-radiogroup-radio-2-69f0e9bf93520-label\"><span id=\"forminator-radiogroup-radio-2-69f0e9bf93520-label\" class=\"forminator-label\">Lista de opciones<\/span><label id=\"forminator-field-radio-2-label-1\" for=\"forminator-field-radio-2-1-69f0e9bf93520\" class=\"forminator-radio\" title=\"One Page o Landing Page (Todo el contenido en 1 sola p\u00e1gina)\"><input type=\"radio\" name=\"radio-2\" value=\"one\" id=\"forminator-field-radio-2-1-69f0e9bf93520\" aria-labelledby=\"forminator-field-radio-2-label-1\" data-calculation=\"230\"   data-hidden-behavior=\"zero\"\/><span class=\"forminator-radio-bullet\" aria-hidden=\"true\"><\/span><span class=\"forminator-radio-label\">One Page o Landing Page (Todo el contenido en 1 sola p\u00e1gina)<\/span><\/label><label id=\"forminator-field-radio-2-label-2\" for=\"forminator-field-radio-2-2-69f0e9bf93520\" class=\"forminator-radio\" title=\"Web Corporativa (5 p\u00e1ginas internas o m\u00e1s)\"><input type=\"radio\" name=\"radio-2\" value=\"Web-Corporativa\" id=\"forminator-field-radio-2-2-69f0e9bf93520\" aria-labelledby=\"forminator-field-radio-2-label-2\" data-calculation=\"360\"   data-hidden-behavior=\"zero\"\/><span class=\"forminator-radio-bullet\" aria-hidden=\"true\"><\/span><span class=\"forminator-radio-label\">Web Corporativa (5 p\u00e1ginas internas o m\u00e1s)<\/span><\/label><label id=\"forminator-field-radio-2-label-3\" for=\"forminator-field-radio-2-3-69f0e9bf93520\" class=\"forminator-radio\" title=\"Tienda Online Pedidos Por WhatsApp (sin pasarela de pagos)\"><input type=\"radio\" name=\"radio-2\" value=\"Tienda-Online-Pedidos-Por-WhatsApp\" id=\"forminator-field-radio-2-3-69f0e9bf93520\" aria-labelledby=\"forminator-field-radio-2-label-3\" data-calculation=\"480\"   data-hidden-behavior=\"zero\"\/><span class=\"forminator-radio-bullet\" aria-hidden=\"true\"><\/span><span class=\"forminator-radio-label\">Tienda Online Pedidos Por WhatsApp (sin pasarela de pagos)<\/span><\/label><label id=\"forminator-field-radio-2-label-4\" for=\"forminator-field-radio-2-4-69f0e9bf93520\" class=\"forminator-radio\" title=\"Tienda Online (con pasarela de pagos)\"><input type=\"radio\" name=\"radio-2\" value=\"Tienda-Online\" id=\"forminator-field-radio-2-4-69f0e9bf93520\" aria-labelledby=\"forminator-field-radio-2-label-4\" data-calculation=\"580\"   data-hidden-behavior=\"zero\"\/><span class=\"forminator-radio-bullet\" aria-hidden=\"true\"><\/span><span class=\"forminator-radio-label\">Tienda Online (con pasarela de pagos)<\/span><\/label><\/div><\/div><\/div><div class=\"forminator-row\"><div id=\"select-1\" class=\"forminator-field-select forminator-col forminator-col-12 \"><div class=\"forminator-field\"><label for=\"forminator-form-599__field--select-1_69f0e9bf93520\" id=\"forminator-form-599__field--select-1_69f0e9bf93520-label\" class=\"forminator-label\">Cantidad de Secciones <span class=\"forminator-required\">*<\/span><\/label><span id=\"forminator-form-599__field--select-1_69f0e9bf93520-description\" class=\"forminator-description\">Selecciona la cantidad de secciones que deseas en tu web.<\/span><select  id=\"forminator-form-599__field--select-1_69f0e9bf93520\" class=\"forminator-select--field forminator-select2 forminator-select2-multiple\" data-required=\"1\" name=\"select-1\" data-default-value=\"\" data-hidden-behavior=\"zero\" data-placeholder=\"_\" data-search=\"false\" data-search-placeholder=\"_\" data-checkbox=\"false\" data-allow-clear=\"false\" aria-labelledby=\"forminator-form-599__field--select-1_69f0e9bf93520-label\" aria-describedby=\"forminator-form-599__field--select-1_69f0e9bf93520-description\"><option value=\"\"  >_<\/option><option value=\"230\"  data-calculation=\"230\">8<\/option><option value=\"250\"  data-calculation=\"250\">9<\/option><option value=\"270\"  data-calculation=\"270\">10<\/option><\/select><\/div><\/div><\/div><div class=\"forminator-row\"><div id=\"select-3\" class=\"forminator-field-select forminator-col forminator-col-12 \"><div class=\"forminator-field\"><label for=\"forminator-form-599__field--select-3_69f0e9bf93520\" id=\"forminator-form-599__field--select-3_69f0e9bf93520-label\" class=\"forminator-label\">Cantidad de P\u00e1ginas Internas <span class=\"forminator-required\">*<\/span><\/label><span id=\"forminator-form-599__field--select-3_69f0e9bf93520-description\" class=\"forminator-description\">Selecciona la cantidad de p\u00e1ginas internas que deseas tu web. Por ejemplo: Inicio, Nosotros, Galer\u00eda, FAQs, Contacto, etc.<\/span><select  id=\"forminator-form-599__field--select-3_69f0e9bf93520\" class=\"forminator-select--field forminator-select2 forminator-select2-multiple\" data-required=\"1\" name=\"select-3\" data-default-value=\"\" data-hidden-behavior=\"zero\" data-placeholder=\"_\" data-search=\"false\" data-search-placeholder=\"_\" data-checkbox=\"false\" data-allow-clear=\"false\" aria-labelledby=\"forminator-form-599__field--select-3_69f0e9bf93520-label\" aria-describedby=\"forminator-form-599__field--select-3_69f0e9bf93520-description\"><option value=\"\"  >_<\/option><option value=\"360\"  data-calculation=\"360\">5<\/option><option value=\"370\"  data-calculation=\"370\">6<\/option><option value=\"380\"  data-calculation=\"380\">7<\/option><option value=\"390\"  data-calculation=\"390\">8<\/option><\/select><\/div><\/div><\/div><div class=\"forminator-row\"><div id=\"select-5\" class=\"forminator-field-select forminator-col forminator-col-12 \"><div class=\"forminator-field\"><label for=\"forminator-form-599__field--select-5_69f0e9bf93520\" id=\"forminator-form-599__field--select-5_69f0e9bf93520-label\" class=\"forminator-label\">Cantidad de Productos o Servicios <span class=\"forminator-required\">*<\/span><\/label><span id=\"forminator-form-599__field--select-5_69f0e9bf93520-description\" class=\"forminator-description\">Selecciona la cantidad de productos o servicios que vas a publicar en la tienda online..<\/span><select  id=\"forminator-form-599__field--select-5_69f0e9bf93520\" class=\"forminator-select--field forminator-select2 forminator-select2-multiple\" data-required=\"1\" name=\"select-5\" data-default-value=\"\" data-hidden-behavior=\"zero\" data-placeholder=\"_\" data-search=\"false\" data-search-placeholder=\"_\" data-checkbox=\"false\" data-allow-clear=\"false\" aria-labelledby=\"forminator-form-599__field--select-5_69f0e9bf93520-label\" aria-describedby=\"forminator-form-599__field--select-5_69f0e9bf93520-description\"><option value=\"\"  >_<\/option><option value=\"520\"  data-calculation=\"520\">20<\/option><option value=\"560\"  data-calculation=\"560\">35<\/option><option value=\"580\"  data-calculation=\"580\">50<\/option><\/select><\/div><\/div><\/div><div class=\"forminator-row\"><div id=\"select-6\" class=\"forminator-field-select forminator-col forminator-col-12 \"><div class=\"forminator-field\"><label for=\"forminator-form-599__field--select-6_69f0e9bf93520\" id=\"forminator-form-599__field--select-6_69f0e9bf93520-label\" class=\"forminator-label\">Cantidad de Productos o Servicios <span class=\"forminator-required\">*<\/span><\/label><span id=\"forminator-form-599__field--select-6_69f0e9bf93520-description\" class=\"forminator-description\">Selecciona la cantidad de productos o servicios que vas a publicar en la tienda online..<\/span><select  id=\"forminator-form-599__field--select-6_69f0e9bf93520\" class=\"forminator-select--field forminator-select2 forminator-select2-multiple\" data-required=\"1\" name=\"select-6\" data-default-value=\"\" data-hidden-behavior=\"zero\" data-placeholder=\"_\" data-search=\"false\" data-search-placeholder=\"_\" data-checkbox=\"false\" data-allow-clear=\"false\" aria-labelledby=\"forminator-form-599__field--select-6_69f0e9bf93520-label\" aria-describedby=\"forminator-form-599__field--select-6_69f0e9bf93520-description\"><option value=\"\"  >_<\/option><option value=\"580\"  data-calculation=\"580\">20<\/option><option value=\"610\"  data-calculation=\"610\">35<\/option><option value=\"680\"  data-calculation=\"680\">50<\/option><\/select><\/div><\/div><\/div><div class=\"forminator-row\"><div id=\"calculation-1\" class=\"forminator-field-calculation forminator-col forminator-col-4 \"><div class=\"forminator-field\"><label for=\"calculation-1-field_69f0e9bf93520\" id=\"calculation-1-field_69f0e9bf93520-label\" class=\"forminator-label\">Precio One Page<\/label><input type=\"text\" name=\"calculation-1\" value=\"\" id=\"calculation-1-field_69f0e9bf93520\" class=\"forminator-calculation forminator-input\" data-formula=\"{select-1}*1\" data-required=\"\" data-decimal-point=\".\" data-precision=\"2\" data-is-hidden=\"1\" disabled=\"disabled\" data-decimals=\"2\" data-inputmask=\"&#039;groupSeparator&#039;: &#039;&#039;, &#039;radixPoint&#039;: &#039;.&#039;, &#039;digits&#039;: &#039;2&#039;\" readonly=\"readonly\" data-hidden-behavior=\"zero\" \/><\/div><\/div><div id=\"calculation-4\" class=\"forminator-field-calculation forminator-col forminator-col-4 \"><div class=\"forminator-field\"><label for=\"calculation-4-field_69f0e9bf93520\" id=\"calculation-4-field_69f0e9bf93520-label\" class=\"forminator-label\">Precio Web Corporativa<\/label><input type=\"text\" name=\"calculation-4\" value=\"\" id=\"calculation-4-field_69f0e9bf93520\" class=\"forminator-calculation forminator-input\" data-formula=\"{select-3}*1\" data-required=\"\" data-decimal-point=\".\" data-precision=\"2\" data-is-hidden=\"1\" disabled=\"disabled\" data-decimals=\"2\" data-inputmask=\"&#039;groupSeparator&#039;: &#039;&#039;, &#039;radixPoint&#039;: &#039;.&#039;, &#039;digits&#039;: &#039;2&#039;\" readonly=\"readonly\" data-hidden-behavior=\"zero\" \/><\/div><\/div><div id=\"calculation-5\" class=\"forminator-field-calculation forminator-col forminator-col-4 \"><div class=\"forminator-field\"><label for=\"calculation-5-field_69f0e9bf93520\" id=\"calculation-5-field_69f0e9bf93520-label\" class=\"forminator-label\">Precio Tienda Online Pedido por WhatsApp<\/label><input type=\"text\" name=\"calculation-5\" value=\"\" id=\"calculation-5-field_69f0e9bf93520\" class=\"forminator-calculation forminator-input\" data-formula=\"{select-5}*1\" data-required=\"\" data-decimal-point=\".\" data-precision=\"2\" data-is-hidden=\"1\" disabled=\"disabled\" data-decimals=\"2\" data-inputmask=\"&#039;groupSeparator&#039;: &#039;&#039;, &#039;radixPoint&#039;: &#039;.&#039;, &#039;digits&#039;: &#039;2&#039;\" readonly=\"readonly\" data-hidden-behavior=\"zero\" \/><\/div><\/div><\/div><div class=\"forminator-row\"><div id=\"calculation-6\" class=\"forminator-field-calculation forminator-col forminator-col-12 \"><div class=\"forminator-field\"><label for=\"calculation-6-field_69f0e9bf93520\" id=\"calculation-6-field_69f0e9bf93520-label\" class=\"forminator-label\">Precio Tienda Online<\/label><input type=\"text\" name=\"calculation-6\" value=\"\" id=\"calculation-6-field_69f0e9bf93520\" class=\"forminator-calculation forminator-input\" data-formula=\"{select-6}*1\" data-required=\"\" data-decimal-point=\".\" data-precision=\"2\" data-is-hidden=\"1\" disabled=\"disabled\" data-decimals=\"2\" data-inputmask=\"&#039;groupSeparator&#039;: &#039;&#039;, &#039;radixPoint&#039;: &#039;.&#039;, &#039;digits&#039;: &#039;2&#039;\" readonly=\"readonly\" data-hidden-behavior=\"zero\" \/><\/div><\/div><\/div><div class=\"forminator-row\"><div id=\"calculation-3\" class=\"forminator-field-calculation forminator-col forminator-col-12 \"><div class=\"forminator-field\"><label for=\"calculation-3-field_69f0e9bf93520\" id=\"calculation-3-field_69f0e9bf93520-label\" class=\"forminator-label\">Precio Total<\/label><input type=\"text\" name=\"calculation-3\" value=\"\" id=\"calculation-3-field_69f0e9bf93520\" class=\"forminator-calculation forminator-input\" data-formula=\"{calculation-1}+{calculation-4}+{calculation-5}+{calculation-6}\" data-required=\"\" data-decimal-point=\".\" data-precision=\"2\" data-is-hidden=\"1\" disabled=\"disabled\" data-decimals=\"2\" data-inputmask=\"&#039;groupSeparator&#039;: &#039;&#039;, &#039;radixPoint&#039;: &#039;.&#039;, &#039;digits&#039;: &#039;2&#039;\" readonly=\"readonly\" data-hidden-behavior=\"zero\" \/><\/div><\/div><\/div><\/div><button class=\"forminator-button forminator-pagination-submit\" style=\"display: none;\" disabled><span class=\"forminator-button--mask\" aria-label=\"hidden\"><\/span><span class=\"forminator-button--text\">Generar Cotizaci&oacute;n<\/span><\/button><\/div><input type=\"hidden\" name=\"referer_url\" value=\"\" \/><input type=\"hidden\" id=\"forminator_nonce\" name=\"forminator_nonce\" value=\"468306bc70\" \/><input type=\"hidden\" name=\"_wp_http_referer\" value=\"\/blog\/wp-json\/wp\/v2\/pages\/538\" \/><input type=\"hidden\" name=\"form_id\" value=\"599\"><input type=\"hidden\" name=\"page_id\" value=\"538\"><input type=\"hidden\" name=\"form_type\" value=\"default\"><input type=\"hidden\" name=\"current_url\" value=\"https:\/\/johanteran.com\/blog\/cotizador-online-de-diseno-web-en-venezuela\/\"><input type=\"hidden\" name=\"render_id\" value=\"0\"><input type=\"hidden\" name=\"action\" value=\"forminator_submit_form_custom-forms\"><label for=\"input_14\" class=\"forminator-hidden\" aria-hidden=\"true\">Por favor, no rellenes este campo. <input id=\"input_14\" type=\"text\" name=\"input_14\" value=\"\" autocomplete=\"off\"><\/label><\/form><\/div>\n\t\t\t\t\t\t<\/div>\n\t\t\t\t<\/div>\n\t\t\t\t<\/div>\n\t\t\t\t\t<\/div>\n\t\t\t\t<\/div>\n\t\t\t\t<\/div>\n\t\t","protected":false},"excerpt":{"rendered":"<p>Cotizador Online de Dise\u00f1o de P\u00e1ginas Web en Venezuela Con unos pocos clics obtendr\u00e1s al instante el precio estimado del Dise\u00f1o de tu P\u00e1gina Web.<\/p>\n","protected":false},"author":1,"featured_media":612,"parent":0,"menu_order":0,"comment_status":"closed","ping_status":"closed","template":"","meta":{"site-sidebar-layout":"no-sidebar","site-content-layout":"page-builder","ast-site-content-layout":"full-width-container","site-content-style":"unboxed","site-sidebar-style":"unboxed","ast-global-header-display":"","ast-banner-title-visibility":"","ast-main-header-display":"","ast-hfb-above-header-display":"","ast-hfb-below-header-display":"","ast-hfb-mobile-header-display":"","site-post-title":"disabled","ast-breadcrumbs-content":"","ast-featured-img":"disabled","footer-sml-layout":"","ast-disable-related-posts":"","theme-transparent-header-meta":"","adv-header-id-meta":"","stick-header-meta":"","header-above-stick-meta":"","header-main-stick-meta":"","header-below-stick-meta":"","astra-migrate-meta-layouts":"set","ast-page-background-enabled":"default","ast-page-background-meta":{"desktop":{"background-color":"var(--ast-global-color-4)","background-image":"","background-repeat":"repeat","background-position":"center center","background-size":"auto","background-attachment":"scroll","background-type":"","background-media":"","overlay-type":"","overlay-color":"","overlay-opacity":"","overlay-gradient":""},"tablet":{"background-color":"","background-image":"","background-repeat":"repeat","background-position":"center center","background-size":"auto","background-attachment":"scroll","background-type":"","background-media":"","overlay-type":"","overlay-color":"","overlay-opacity":"","overlay-gradient":""},"mobile":{"background-color":"","background-image":"","background-repeat":"repeat","background-position":"center center","background-size":"auto","background-attachment":"scroll","background-type":"","background-media":"","overlay-type":"","overlay-color":"","overlay-opacity":"","overlay-gradient":""}},"ast-content-background-meta":{"desktop":{"background-color":"var(--ast-global-color-5)","background-image":"","background-repeat":"repeat","background-position":"center center","background-size":"auto","background-attachment":"scroll","background-type":"","background-media":"","overlay-type":"","overlay-color":"","overlay-opacity":"","overlay-gradient":""},"tablet":{"background-color":"var(--ast-global-color-5)","background-image":"","background-repeat":"repeat","background-position":"center center","background-size":"auto","background-attachment":"scroll","background-type":"","background-media":"","overlay-type":"","overlay-color":"","overlay-opacity":"","overlay-gradient":""},"mobile":{"background-color":"var(--ast-global-color-5)","background-image":"","background-repeat":"repeat","background-position":"center center","background-size":"auto","background-attachment":"scroll","background-type":"","background-media":"","overlay-type":"","overlay-color":"","overlay-opacity":"","overlay-gradient":""}},"footnotes":""},"class_list":["post-538","page","type-page","status-publish","has-post-thumbnail","hentry"],"rttpg_featured_image_url":{"full":["https:\/\/johanteran.com\/blog\/wp-content\/uploads\/2026\/04\/Cotizador-Online-de-Diseno-de-Paginas-Web-en-Venezuela.webp",1500,1001,false],"landscape":["https:\/\/johanteran.com\/blog\/wp-content\/uploads\/2026\/04\/Cotizador-Online-de-Diseno-de-Paginas-Web-en-Venezuela.webp",1500,1001,false],"portraits":["https:\/\/johanteran.com\/blog\/wp-content\/uploads\/2026\/04\/Cotizador-Online-de-Diseno-de-Paginas-Web-en-Venezuela.webp",1500,1001,false],"thumbnail":["https:\/\/johanteran.com\/blog\/wp-content\/uploads\/2026\/04\/Cotizador-Online-de-Diseno-de-Paginas-Web-en-Venezuela-150x150.webp",150,150,true],"medium":["https:\/\/johanteran.com\/blog\/wp-content\/uploads\/2026\/04\/Cotizador-Online-de-Diseno-de-Paginas-Web-en-Venezuela-300x200.webp",300,200,true],"large":["https:\/\/johanteran.com\/blog\/wp-content\/uploads\/2026\/04\/Cotizador-Online-de-Diseno-de-Paginas-Web-en-Venezuela-1024x683.webp",1024,683,true],"1536x1536":["https:\/\/johanteran.com\/blog\/wp-content\/uploads\/2026\/04\/Cotizador-Online-de-Diseno-de-Paginas-Web-en-Venezuela.webp",1500,1001,false],"2048x2048":["https:\/\/johanteran.com\/blog\/wp-content\/uploads\/2026\/04\/Cotizador-Online-de-Diseno-de-Paginas-Web-en-Venezuela.webp",1500,1001,false]},"rttpg_author":{"display_name":"Johan Ter\u00e1n","author_link":"https:\/\/johanteran.com\/blog\/author\/admin-jt\/"},"rttpg_comment":0,"rttpg_category":null,"rttpg_excerpt":"Cotizador Online de Dise\u00f1o de P\u00e1ginas Web en Venezuela Con unos pocos clics obtendr\u00e1s al instante el precio estimado del Dise\u00f1o de tu P\u00e1gina Web.","_links":{"self":[{"href":"https:\/\/johanteran.com\/blog\/wp-json\/wp\/v2\/pages\/538","targetHints":{"allow":["GET"]}}],"collection":[{"href":"https:\/\/johanteran.com\/blog\/wp-json\/wp\/v2\/pages"}],"about":[{"href":"https:\/\/johanteran.com\/blog\/wp-json\/wp\/v2\/types\/page"}],"author":[{"embeddable":true,"href":"https:\/\/johanteran.com\/blog\/wp-json\/wp\/v2\/users\/1"}],"replies":[{"embeddable":true,"href":"https:\/\/johanteran.com\/blog\/wp-json\/wp\/v2\/comments?post=538"}],"version-history":[{"count":19,"href":"https:\/\/johanteran.com\/blog\/wp-json\/wp\/v2\/pages\/538\/revisions"}],"predecessor-version":[{"id":629,"href":"https:\/\/johanteran.com\/blog\/wp-json\/wp\/v2\/pages\/538\/revisions\/629"}],"wp:featuredmedia":[{"embeddable":true,"href":"https:\/\/johanteran.com\/blog\/wp-json\/wp\/v2\/media\/612"}],"wp:attachment":[{"href":"https:\/\/johanteran.com\/blog\/wp-json\/wp\/v2\/media?parent=538"}],"curies":[{"name":"wp","href":"https:\/\/api.w.org\/{rel}","templated":true}]}}